{"id":1937,"date":"2025-09-02T10:27:23","date_gmt":"2025-09-02T13:27:23","guid":{"rendered":"https:\/\/basculaco.com.br\/?page_id=1937"},"modified":"2025-12-01T14:41:58","modified_gmt":"2025-12-01T17:41:58","slug":"truck","status":"publish","type":"page","link":"https:\/\/basculaco.com.br\/index.php\/truck\/","title":{"rendered":"Truck"},"content":{"rendered":"\t\t<div data-elementor-type=\"wp-page\" data-elementor-id=\"1937\" class=\"elementor elementor-1937\" data-elementor-post-type=\"page\">\n\t\t\t\t\t\t<section class=\"elementor-section elementor-top-section elementor-element elementor-element-1e67e5c elementor-section-stretched elementor-section-boxed elementor-section-height-default elementor-section-height-default wpr-particle-no wpr-jarallax-no wpr-parallax-no wpr-sticky-section-no\" data-id=\"1e67e5c\" data-element_type=\"section\" data-settings=\"{&quot;background_background&quot;:&quot;classic&quot;,&quot;stretch_section&quot;:&quot;section-stretched&quot;}\">\n\t\t\t\t\t\t\t<div class=\"elementor-background-overlay\"><\/div>\n\t\t\t\t\t\t\t<div class=\"elementor-container elementor-column-gap-default\">\n\t\t\t\t\t<div class=\"elementor-column elementor-col-100 elementor-top-column elementor-element elementor-element-e10856d\" data-id=\"e10856d\" data-element_type=\"column\" data-settings=\"{&quot;background_background&quot;:&quot;classic&quot;}\">\n\t\t\t<div class=\"elementor-widget-wrap elementor-element-populated\">\n\t\t\t\t\t\t<div class=\"elementor-element elementor-element-72c82e0 wpr-adv-slider-columns-1 wpr-adv-slider-columns--tablet1 wpr-adv-slider-columns--mobile1 wpr-adv-slides-to-scroll-1 wpr-slider-dots-horizontal elementor-widget elementor-widget-wpr-advanced-slider\" data-id=\"72c82e0\" data-element_type=\"widget\" data-settings=\"{&quot;slider_amount&quot;:1,&quot;slider_amount_tablet&quot;:1,&quot;slider_amount_mobile&quot;:1,&quot;slides_to_scroll&quot;:1,&quot;slider_loop&quot;:&quot;yes&quot;,&quot;slider_hide_video_content&quot;:&quot;yes&quot;,&quot;slider_video_btn_size&quot;:&quot;medium&quot;}\" data-widget_type=\"wpr-advanced-slider.default\">\n\t\t\t\t<div class=\"elementor-widget-container\">\n\t\t\t\t\t\n\t\t<!-- Advanced Slider -->\n\t\t<div class=\"wpr-advanced-slider-wrap\">\n\t\t\t\n\t\t\t<div class=\"wpr-advanced-slider\" dir=\"ltr\" data-slick=\"{&quot;rtl&quot;:false,&quot;infinite&quot;:true,&quot;speed&quot;:200,&quot;arrows&quot;:true,&quot;dots&quot;:true,&quot;autoplay&quot;:false,&quot;autoplaySpeed&quot;:1000,&quot;pauseOnHover&quot;:&quot;&quot;,&quot;prevArrow&quot;:&quot;#wpr-slider-prev-72c82e0&quot;,&quot;nextArrow&quot;:&quot;#wpr-slider-next-72c82e0&quot;,&quot;vertical&quot;:false,&quot;adaptiveHeight&quot;:true}\" data-hide-video-content=\"yes\" data-video-btn-size=\"{&quot;widescreen&quot;:&quot;medium&quot;,&quot;desktop&quot;:&quot;medium&quot;,&quot;laptop&quot;:&quot;medium&quot;,&quot;tablet_extra&quot;:&quot;medium&quot;,&quot;tablet&quot;:&quot;medium&quot;,&quot;mobile_extra&quot;:&quot;medium&quot;,&quot;mobile&quot;:&quot;medium&quot;}\" data-slide-effect=\"slide\">\n\t\t\t\t<div class=\"wpr-slider-item elementor-repeater-item-bfa46e5\"><div class=\"wpr-slider-item-bg \" style=\"background-image: url(https:\/\/basculaco.com.br\/wp-content\/uploads\/2025\/11\/Design-sem-nome-8.webp)\"><\/div><div class=\"wpr-cv-container\"><div class=\"wpr-cv-outer\"><div class=\"wpr-cv-inner\"><\/div><\/div><\/div><\/div>\t\t\t<\/div>\n\t\t\t<div class=\"wpr-slider-controls\">\n\t\t\t\t<div class=\"wpr-slider-dots\"><\/div>\n\t\t\t<\/div>\n\n\t\t\t<div class=\"wpr-slider-arrow-container\">\n\t\t\t\t<div class=\"wpr-slider-prev-arrow wpr-slider-arrow\" id=\"wpr-slider-prev-72c82e0\">\n\t\t\t\t\t<svg version=\"1.1\" xmlns=\"http:\/\/www.w3.org\/2000\/svg\" xmlns:xlink=\"http:\/\/www.w3.org\/1999\/xlink\" x=\"0px\" y=\"0px\" viewBox=\"0 0 283.4 512\" style=\"enable-background:new 0 0 283.4 512;\" xml:space=\"preserve\"><g><polygon class=\"st0\" points=\"54.5,256.3 283.4,485.1 256.1,512.5 0,256.3 0,256.3 27.2,229 256.1,0 283.4,27.4 \"\/><\/g><\/svg>\t\t\t\t<\/div>\n\t\t\t\t<div class=\"wpr-slider-next-arrow wpr-slider-arrow\" id=\"wpr-slider-next-72c82e0\">\n\t\t\t\t\t<svg version=\"1.1\" xmlns=\"http:\/\/www.w3.org\/2000\/svg\" xmlns:xlink=\"http:\/\/www.w3.org\/1999\/xlink\" x=\"0px\" y=\"0px\" viewBox=\"0 0 283.4 512\" style=\"enable-background:new 0 0 283.4 512;\" xml:space=\"preserve\"><g><polygon class=\"st0\" points=\"54.5,256.3 283.4,485.1 256.1,512.5 0,256.3 0,256.3 27.2,229 256.1,0 283.4,27.4 \"\/><\/g><\/svg>\t\t\t\t<\/div>\n\t\t\t<\/div>\n\t\t\t\n\t\t\t\n\t\t<\/div>\n\t\t\t\t\t\t<\/div>\n\t\t\t\t<\/div>\n\t\t\t\t\t<\/div>\n\t\t<\/div>\n\t\t\t\t\t<\/div>\n\t\t<\/section>\n\t\t\t\t<section class=\"elementor-section elementor-top-section elementor-element elementor-element-4ba91f7 elementor-section-full_width elementor-section-height-min-height elementor-section-stretched elementor-section-items-stretch elementor-section-height-default wpr-particle-no wpr-jarallax-no wpr-parallax-no wpr-sticky-section-no\" data-id=\"4ba91f7\" data-element_type=\"section\" data-settings=\"{&quot;stretch_section&quot;:&quot;section-stretched&quot;,&quot;background_background&quot;:&quot;classic&quot;}\">\n\t\t\t\t\t\t<div class=\"elementor-container elementor-column-gap-default\">\n\t\t\t\t\t<div class=\"elementor-column elementor-col-100 elementor-top-column elementor-element elementor-element-90b3879\" data-id=\"90b3879\" data-element_type=\"column\">\n\t\t\t<div class=\"elementor-widget-wrap elementor-element-populated\">\n\t\t\t\t\t\t<div class=\"elementor-element elementor-element-3c44ad3 elementor-widget elementor-widget-heading\" data-id=\"3c44ad3\" data-element_type=\"widget\" data-widget_type=\"heading.default\">\n\t\t\t\t<div class=\"elementor-widget-container\">\n\t\t\t\t\t<h2 class=\"elementor-heading-title elementor-size-default\"><br><br>Produtos<\/h2>\t\t\t\t<\/div>\n\t\t\t\t<\/div>\n\t\t\t\t<div class=\"elementor-element elementor-element-1b8e438 elementor-widget-divider--view-line elementor-widget elementor-widget-divider\" data-id=\"1b8e438\" data-element_type=\"widget\" data-widget_type=\"divider.default\">\n\t\t\t\t<div class=\"elementor-widget-container\">\n\t\t\t\t\t\t\t<div class=\"elementor-divider\">\n\t\t\t<span class=\"elementor-divider-separator\">\n\t\t\t\t\t\t<\/span>\n\t\t<\/div>\n\t\t\t\t\t\t<\/div>\n\t\t\t\t<\/div>\n\t\t\t\t<div class=\"elementor-element elementor-element-6842446 elementor-widget elementor-widget-text-editor\" data-id=\"6842446\" data-element_type=\"widget\" data-widget_type=\"text-editor.default\">\n\t\t\t\t<div class=\"elementor-widget-container\">\n\t\t\t\t\t\t\t\t\t<p>Conhe\u00e7a nossa linha de produtos\u00a0<\/p>\t\t\t\t\t\t\t\t<\/div>\n\t\t\t\t<\/div>\n\t\t\t\t<div class=\"elementor-element elementor-element-5336fd4 elementor-widget elementor-widget-text-editor\" data-id=\"5336fd4\" data-element_type=\"widget\" data-widget_type=\"text-editor.default\">\n\t\t\t\t<div class=\"elementor-widget-container\">\n\t\t\t\t\t\t\t\t\t<p>Truck<\/p>\t\t\t\t\t\t\t\t<\/div>\n\t\t\t\t<\/div>\n\t\t\t\t\t<\/div>\n\t\t<\/div>\n\t\t\t\t\t<\/div>\n\t\t<\/section>\n\t\t\t\t<section class=\"elementor-section elementor-top-section elementor-element elementor-element-6c9cedb elementor-section-full_width elementor-section-height-min-height elementor-section-stretched elementor-section-items-stretch elementor-section-height-default wpr-particle-no wpr-jarallax-no wpr-parallax-no wpr-sticky-section-no\" data-id=\"6c9cedb\" data-element_type=\"section\" data-settings=\"{&quot;stretch_section&quot;:&quot;section-stretched&quot;,&quot;background_background&quot;:&quot;classic&quot;}\">\n\t\t\t\t\t\t<div class=\"elementor-container elementor-column-gap-default\">\n\t\t\t\t\t<div class=\"elementor-column elementor-col-50 elementor-top-column elementor-element elementor-element-2a9ed51\" data-id=\"2a9ed51\" data-element_type=\"column\">\n\t\t\t<div class=\"elementor-widget-wrap elementor-element-populated\">\n\t\t\t\t\t\t<div class=\"elementor-element elementor-element-c2a0113 elementor-widget elementor-widget-image\" data-id=\"c2a0113\" data-element_type=\"widget\" data-widget_type=\"image.default\">\n\t\t\t\t<div class=\"elementor-widget-container\">\n\t\t\t\t\t\t\t\t\t\t\t\t\t\t\t<img fetchpriority=\"high\" decoding=\"async\" width=\"1080\" height=\"600\" src=\"https:\/\/basculaco.com.br\/wp-content\/uploads\/2025\/08\/CACAMBA-TRUCK.png\" class=\"attachment-full size-full wp-image-1866\" alt=\"\" srcset=\"https:\/\/basculaco.com.br\/wp-content\/uploads\/2025\/08\/CACAMBA-TRUCK.png 1080w, https:\/\/basculaco.com.br\/wp-content\/uploads\/2025\/08\/CACAMBA-TRUCK-300x167.png 300w, https:\/\/basculaco.com.br\/wp-content\/uploads\/2025\/08\/CACAMBA-TRUCK-1024x569.png 1024w, https:\/\/basculaco.com.br\/wp-content\/uploads\/2025\/08\/CACAMBA-TRUCK-768x427.png 768w\" sizes=\"(max-width: 1080px) 100vw, 1080px\" \/>\t\t\t\t\t\t\t\t\t\t\t\t\t\t\t<\/div>\n\t\t\t\t<\/div>\n\t\t\t\t\t<\/div>\n\t\t<\/div>\n\t\t\t\t<div class=\"elementor-column elementor-col-50 elementor-top-column elementor-element elementor-element-08462a8\" data-id=\"08462a8\" data-element_type=\"column\">\n\t\t\t<div class=\"elementor-widget-wrap elementor-element-populated\">\n\t\t\t\t\t\t<div class=\"elementor-element elementor-element-7112f16 elementor-widget elementor-widget-image\" data-id=\"7112f16\" data-element_type=\"widget\" data-widget_type=\"image.default\">\n\t\t\t\t<div class=\"elementor-widget-container\">\n\t\t\t\t\t\t\t\t\t\t\t\t\t\t\t<img decoding=\"async\" width=\"1080\" height=\"600\" src=\"https:\/\/basculaco.com.br\/wp-content\/uploads\/2025\/08\/CACAMBA-TRUCK-3.png\" class=\"attachment-full size-full wp-image-1865\" alt=\"\" srcset=\"https:\/\/basculaco.com.br\/wp-content\/uploads\/2025\/08\/CACAMBA-TRUCK-3.png 1080w, https:\/\/basculaco.com.br\/wp-content\/uploads\/2025\/08\/CACAMBA-TRUCK-3-300x167.png 300w, https:\/\/basculaco.com.br\/wp-content\/uploads\/2025\/08\/CACAMBA-TRUCK-3-1024x569.png 1024w, https:\/\/basculaco.com.br\/wp-content\/uploads\/2025\/08\/CACAMBA-TRUCK-3-768x427.png 768w\" sizes=\"(max-width: 1080px) 100vw, 1080px\" \/>\t\t\t\t\t\t\t\t\t\t\t\t\t\t\t<\/div>\n\t\t\t\t<\/div>\n\t\t\t\t\t<\/div>\n\t\t<\/div>\n\t\t\t\t\t<\/div>\n\t\t<\/section>\n\t\t<div class=\"elementor-element elementor-element-001568c e-flex e-con-boxed wpr-particle-no wpr-jarallax-no wpr-parallax-no wpr-sticky-section-no e-con e-parent\" data-id=\"001568c\" data-element_type=\"container\">\n\t\t\t\t\t<div class=\"e-con-inner\">\n\t\t\t\t<div class=\"elementor-element elementor-element-f8b1f9a elementor-widget elementor-widget-text-editor\" data-id=\"f8b1f9a\" data-element_type=\"widget\" data-widget_type=\"text-editor.default\">\n\t\t\t\t<div class=\"elementor-widget-container\">\n\t\t\t\t\t\t\t\t\t<div class=\"conj_duas_colunas\"><div class=\"itens\"><h1>Chassi<\/h1><h2>\u00a0<\/h2><p>Estrutura: Longarinas perfil &#8220;U&#8221; a\u00e7o ASTM A36 6,00 mm | 4,5 e 6 m\u00b3 e<br \/>8,00 mm | 7,8,10 e 12 m\u00b3, interligadas por travessas perfil\u00a0<br \/>conferindo ao chassi uma estrutura com rigidez adequada aos esfor\u00e7os<br \/>solicitados.<br \/>Fixa\u00e7\u00e3o: Atrav\u00e9s de placas r\u00edgidas na traseira e consoles flex\u00edveis na<br \/>dianteira.<\/p><\/div><div class=\"itens\"><h1>Sistema Hidr\u00e1ulico<\/h1><h2>\u00a0<\/h2><p>A\u00e7\u00e3o direta: 1 cilindro hidr\u00e1ulico 7&#8243; | 4,5 e 6 m\u00b3; 2 cilindros hidr\u00e1ulicos 7&#8243; | 7, 8, 10 e 12 m\u00b3; bomba hidr\u00e1ulica; tomada de for\u00e7a acoplada; reservat\u00f3rio de \u00f3leo com visor de n\u00edvel; mangueiras hidr\u00e1ulicas; acionamento pneum\u00e1tico na cabine do ve\u00edculo; press\u00e3o de trabalho de 140 bar.<br \/>A\u00e7\u00e3o indireta: 8, 10 e 12 m\u00b3. Basculamento indireto, atrav\u00e9s da a\u00e7\u00e3o do cilindro na estrutura de articula\u00e7\u00e3o que interliga a caixa de carga ao chassi; 2 cilindros hidr\u00e1ulicos 7&#8243;; bomba hidr\u00e1ulica; tomada de for\u00e7a acoplada; reservat\u00f3rio de \u00f3leo com visor de n\u00edvel; mangueiras hidr\u00e1ulicas; acionamento pneum\u00e1tico na cabine do ve\u00edculo; press\u00e3o de trabalho de 140 bar.<\/p><\/div><div class=\"itens\"><h1>Acess\u00f3rios<\/h1><h2>\u00a0<\/h2><p>Para-lamas pl\u00e1sticos ou misto | a\u00e7o + pl\u00e1stico fixados ao chassi com para-barros de borracha; protetor de cabine; suporte de estepe; caixa pl\u00e1stica para ferramentas. Itens normatizados do CONTRAN: para-choque traseiro | Resolu\u00e7\u00e3o 593|16; faixas refletivas | Resolu\u00e7\u00e3o 643|16; protetores laterais | Resolu\u00e7\u00e3o 323|19.<\/p><\/div><\/div><div class=\"conj_duas_colunas\"><div class=\"itens\"><h1>Caixa de Carga<\/h1><h2>\u00a0<\/h2><p>Geometria retangular com cantos redondos, costelas externas largura<br \/>92 mm.<br \/>Laterais | Frontal: A\u00e7o ASTM A36 3,5 mm | 4 e 5 m\u00b3; 4,0 mm | 6, 7, 8, 10<br \/>e 12 m\u00b3.<br \/>Fundo: A\u00e7o ASTM A36 3,5 mm | 4 e 5 m\u00b3; 4,0 mm | 6 m\u00b3; a\u00e7o USI SAC<br \/>350 5,0 mm | 7, 8, 10 e 12 m\u00b3.<br \/>Tampa: A\u00e7o ASTM A36 3,5 mm | 4 e 5 m \u00b3; 4,0 mm | 6, 7 e 8 m \u00b3; a\u00e7o<br \/>SAE 1020 4,5 mm | 10 e 12 m\u00b3.<br \/>Tampa traseira basculante, com travamento atrav\u00e9s de mecanismo<br \/>interligado ao sistema de basculamento.<br \/>Articula\u00e7\u00e3o: Eixo a\u00e7o SAE 1045 trefilado 2&#8243; e articulado em buchas de<br \/>a\u00e7o. Lubrifica\u00e7\u00e3o atrav\u00e9s de engraxadeiras.<br \/>Volume: 4, 5, 6, 7, 8, 10 e 12 m\u00b3.<br \/>Utiliza\u00e7\u00e3o: Transporte de areia e brita.<\/p><\/div><div class=\"itens\"><h1>Pintura<\/h1><h2>\u00a0<\/h2><p>Limpeza com desengraxante e fosfatizante qu\u00edmico.<br \/>Base: Primer anticorrosivo.<br \/>Acabamento: Pintura na cor indicada em PU.<\/p><\/div><div class=\"itens\"><h1>Opcionais<\/h1><h2>\u00a0<\/h2><p>Tampa traseira basculante e de abertura lateral de 1 ou 2 folhas; caixa refor\u00e7ada com laterais de 6,0 mm e fundo de 8,0 ou 9,5 mm; escada lateral tipo marinheiro; articula\u00e7\u00e3o extra larga padr\u00e3o para acionamento hidr\u00e1ulico com pist\u00e3o frontal.<\/p><\/div><\/div>\t\t\t\t\t\t\t\t<\/div>\n\t\t\t\t<\/div>\n\t\t\t\t\t<\/div>\n\t\t\t\t<\/div>\n\t\t\t\t<\/div>\n\t\t","protected":false},"excerpt":{"rendered":"<p>Produtos Conhe\u00e7a nossa linha de produtos\u00a0 Truck Chassi \u00a0 Estrutura: Longarinas perfil &#8220;U&#8221; a\u00e7o ASTM A36 6,00 mm | 4,5 e 6 m\u00b3 e8,00 mm | 7,8,10 e 12 m\u00b3, interligadas por travessas perfil\u00a0conferindo ao chassi uma estrutura com rigidez adequada aos esfor\u00e7ossolicitados.Fixa\u00e7\u00e3o: Atrav\u00e9s de placas r\u00edgidas na traseira e consoles flex\u00edveis nadianteira. Sistema Hidr\u00e1ulico \u00a0 A\u00e7\u00e3o direta: 1 cilindro hidr\u00e1ulico 7&#8243; | 4,5 e 6 m\u00b3; 2 cilindros hidr\u00e1ulicos 7&#8243; | 7, 8, 10 e 12 m\u00b3; bomba hidr\u00e1ulica; tomada de for\u00e7a acoplada; reservat\u00f3rio de \u00f3leo com visor de n\u00edvel; mangueiras hidr\u00e1ulicas; acionamento pneum\u00e1tico na cabine do ve\u00edculo; press\u00e3o de trabalho de 140 bar.A\u00e7\u00e3o indireta: 8, 10 e 12 m\u00b3. Basculamento indireto, atrav\u00e9s da a\u00e7\u00e3o do cilindro na estrutura de articula\u00e7\u00e3o que interliga a caixa de carga ao chassi; 2 cilindros hidr\u00e1ulicos 7&#8243;; bomba hidr\u00e1ulica; tomada de for\u00e7a acoplada; reservat\u00f3rio de \u00f3leo com visor de n\u00edvel; mangueiras hidr\u00e1ulicas; acionamento pneum\u00e1tico na cabine do ve\u00edculo; press\u00e3o de trabalho de 140 bar. Acess\u00f3rios \u00a0 Para-lamas pl\u00e1sticos ou misto | a\u00e7o + pl\u00e1stico fixados ao chassi com para-barros de borracha; protetor de cabine; suporte de estepe; caixa pl\u00e1stica para ferramentas. Itens normatizados do CONTRAN: para-choque traseiro | Resolu\u00e7\u00e3o 593|16; faixas refletivas | Resolu\u00e7\u00e3o 643|16; protetores laterais | Resolu\u00e7\u00e3o 323|19. Caixa de Carga \u00a0 Geometria retangular com cantos redondos, costelas externas largura92 mm.Laterais | Frontal: A\u00e7o ASTM A36 3,5 mm | 4 e 5 m\u00b3; 4,0 mm | 6, 7, 8, 10e 12 m\u00b3.Fundo: A\u00e7o ASTM A36 3,5 mm | 4 e 5 m\u00b3; 4,0 mm | 6 m\u00b3; a\u00e7o USI SAC350 5,0 mm | 7, 8, 10 e 12 m\u00b3.Tampa: A\u00e7o ASTM A36 3,5 mm | 4 e 5 m \u00b3; 4,0 mm | 6, 7 e 8 m \u00b3; a\u00e7oSAE 1020 4,5 mm | 10 e 12 m\u00b3.Tampa traseira basculante, com travamento atrav\u00e9s de mecanismointerligado ao sistema de basculamento.Articula\u00e7\u00e3o: Eixo a\u00e7o SAE 1045 trefilado 2&#8243; e articulado em buchas dea\u00e7o. Lubrifica\u00e7\u00e3o atrav\u00e9s de engraxadeiras.Volume: 4, 5, 6, 7, 8, 10 e 12 m\u00b3.Utiliza\u00e7\u00e3o: Transporte de areia e brita. Pintura \u00a0 Limpeza com desengraxante e fosfatizante qu\u00edmico.Base: Primer anticorrosivo.Acabamento: Pintura na cor indicada em PU. Opcionais \u00a0 Tampa traseira basculante e de abertura lateral de 1 ou 2 folhas; caixa refor\u00e7ada com laterais de 6,0 mm e fundo de 8,0 ou 9,5 mm; escada lateral tipo marinheiro; articula\u00e7\u00e3o extra larga padr\u00e3o para acionamento hidr\u00e1ulico com pist\u00e3o frontal.<\/p>\n","protected":false},"author":2,"featured_media":0,"parent":0,"menu_order":0,"comment_status":"closed","ping_status":"closed","template":"elementor_header_footer","meta":{"_eb_attr":"","ocean_post_layout":"","ocean_both_sidebars_style":"","ocean_both_sidebars_content_width":0,"ocean_both_sidebars_sidebars_width":0,"ocean_sidebar":"","ocean_second_sidebar":"","ocean_disable_margins":"on","ocean_add_body_class":"","ocean_shortcode_before_top_bar":"","ocean_shortcode_after_top_bar":"","ocean_shortcode_before_header":"","ocean_shortcode_after_header":"","ocean_has_shortcode":"","ocean_shortcode_after_title":"","ocean_shortcode_before_footer_widgets":"","ocean_shortcode_after_footer_widgets":"","ocean_shortcode_before_footer_bottom":"","ocean_shortcode_after_footer_bottom":"","ocean_display_top_bar":"off","ocean_display_header":"off","ocean_header_style":"","ocean_center_header_left_menu":"","ocean_custom_header_template":"","ocean_custom_logo":0,"ocean_custom_retina_logo":0,"ocean_custom_logo_max_width":0,"ocean_custom_logo_tablet_max_width":0,"ocean_custom_logo_mobile_max_width":0,"ocean_custom_logo_max_height":0,"ocean_custom_logo_tablet_max_height":0,"ocean_custom_logo_mobile_max_height":0,"ocean_header_custom_menu":"","ocean_menu_typo_font_family":"","ocean_menu_typo_font_subset":"","ocean_menu_typo_font_size":0,"ocean_menu_typo_font_size_tablet":0,"ocean_menu_typo_font_size_mobile":0,"ocean_menu_typo_font_size_unit":"px","ocean_menu_typo_font_weight":"","ocean_menu_typo_font_weight_tablet":"","ocean_menu_typo_font_weight_mobile":"","ocean_menu_typo_transform":"","ocean_menu_typo_transform_tablet":"","ocean_menu_typo_transform_mobile":"","ocean_menu_typo_line_height":0,"ocean_menu_typo_line_height_tablet":0,"ocean_menu_typo_line_height_mobile":0,"ocean_menu_typo_line_height_unit":"","ocean_menu_typo_spacing":0,"ocean_menu_typo_spacing_tablet":0,"ocean_menu_typo_spacing_mobile":0,"ocean_menu_typo_spacing_unit":"","ocean_menu_link_color":"","ocean_menu_link_color_hover":"","ocean_menu_link_color_active":"","ocean_menu_link_background":"","ocean_menu_link_hover_background":"","ocean_menu_link_active_background":"","ocean_menu_social_links_bg":"","ocean_menu_social_hover_links_bg":"","ocean_menu_social_links_color":"","ocean_menu_social_hover_links_color":"","ocean_disable_title":"on","ocean_disable_heading":"default","ocean_post_title":"","ocean_post_subheading":"","ocean_post_title_style":"","ocean_post_title_background_color":"","ocean_post_title_background":0,"ocean_post_title_bg_image_position":"","ocean_post_title_bg_image_attachment":"","ocean_post_title_bg_image_repeat":"","ocean_post_title_bg_image_size":"","ocean_post_title_height":0,"ocean_post_title_bg_overlay":0.5,"ocean_post_title_bg_overlay_color":"","ocean_disable_breadcrumbs":"off","ocean_breadcrumbs_color":"","ocean_breadcrumbs_separator_color":"","ocean_breadcrumbs_links_color":"","ocean_breadcrumbs_links_hover_color":"","ocean_display_footer_widgets":"off","ocean_display_footer_bottom":"off","ocean_custom_footer_template":"","footnotes":""},"class_list":["post-1937","page","type-page","status-publish","hentry","entry"],"_links":{"self":[{"href":"https:\/\/basculaco.com.br\/index.php\/wp-json\/wp\/v2\/pages\/1937","targetHints":{"allow":["GET"]}}],"collection":[{"href":"https:\/\/basculaco.com.br\/index.php\/wp-json\/wp\/v2\/pages"}],"about":[{"href":"https:\/\/basculaco.com.br\/index.php\/wp-json\/wp\/v2\/types\/page"}],"author":[{"embeddable":true,"href":"https:\/\/basculaco.com.br\/index.php\/wp-json\/wp\/v2\/users\/2"}],"replies":[{"embeddable":true,"href":"https:\/\/basculaco.com.br\/index.php\/wp-json\/wp\/v2\/comments?post=1937"}],"version-history":[{"count":17,"href":"https:\/\/basculaco.com.br\/index.php\/wp-json\/wp\/v2\/pages\/1937\/revisions"}],"predecessor-version":[{"id":2129,"href":"https:\/\/basculaco.com.br\/index.php\/wp-json\/wp\/v2\/pages\/1937\/revisions\/2129"}],"wp:attachment":[{"href":"https:\/\/basculaco.com.br\/index.php\/wp-json\/wp\/v2\/media?parent=1937"}],"curies":[{"name":"wp","href":"https:\/\/api.w.org\/{rel}","templated":true}]}}